{"id":2208,"date":"2020-12-20T18:22:01","date_gmt":"2020-12-20T18:22:01","guid":{"rendered":"https:\/\/horecasupplier.nl\/?post_type=product&#038;p=2208"},"modified":"2020-12-20T18:22:02","modified_gmt":"2020-12-20T18:22:02","slug":"vogue-rvs-pate-en-terrinevorm-u-vorm-26cm","status":"publish","type":"product","link":"https:\/\/horecasupplier.nl\/?product=vogue-rvs-pate-en-terrinevorm-u-vorm-26cm","title":{"rendered":"Vogue RVS pat\u00e9- en terrinevorm U-vorm 26cm"},"content":{"rendered":"<table>\n<tbody>\n<tr class=\"\">\n<td valign=\"middle\">Materiaal: RVS. Afmeting: 7,5(h)x26(b)x8(d)cm.<\/p>\n<p>Cre\u00eber de meest unieke en interessante terrines en pat\u00e9s met deze U-vormige pat\u00e9- en terrinevorm van Vogue. De vorm is gemaakt van eenvoudig schoon te maken, sterk en duurzaam RVS en daarom perfect voor in iedere keuken en ieder buffet. De vorm heeft weinig onderhoud nodig en blijft ook bij veelvuldig gebruik in topconditie.<\/p>\n<p><img src=\"https:\/\/www.gastronoble.com\/Content\/Files\/SiteMetaDataImages\/Vogue.jpg?w=80\" alt=\"Vogue\" \/><\/p>\n<div class=\"col\">\n<div class=\"sect product-properties\">\n<table>\n<tbody>\n<tr class=\"propertiesRow\">\n<td class=\"propertyValue\">\n<ul class=\"propertyValueList\">\n<li>Merk: Vogue<\/li>\n<\/ul>\n<\/td>\n<\/tr>\n<tr class=\"propertiesRow\">\n<td>\n<ul class=\"propertyValueList\">\n<li>Inhoud: 1,1L<\/li>\n<li>Dimensions: 8(h) x 7,5(b) x 26(d)cm<\/li>\n<li>Materiaal: RVS<\/li>\n<li>Gewicht: 420g<\/li>\n<\/ul>\n<\/td>\n<\/tr>\n<\/tbody>\n<\/table>\n<\/div>\n<\/div>\n<\/td>\n<\/tr>\n<\/tbody>\n<\/table>\n","protected":false},"excerpt":{"rendered":"<p>Materiaal: RVS. Afmeting: 7,5(h)x26(b)x8(d)cm. Cre\u00eber de meest unieke en interessante terrines en pat\u00e9s met deze U-vormige pat\u00e9- en terrinevorm van Vogue. De vorm is gemaakt van eenvoudig schoon te maken, sterk en duurzaam RVS en daarom perfect voor in iedere keuken en ieder buffet. De vorm heeft weinig onderhoud nodig&hellip; <\/p>\n","protected":false},"featured_media":2152,"comment_status":"open","ping_status":"closed","template":"","meta":[],"_links":{"self":[{"href":"https:\/\/horecasupplier.nl\/index.php?rest_route=\/wp\/v2\/product\/2208"}],"collection":[{"href":"https:\/\/horecasupplier.nl\/index.php?rest_route=\/wp\/v2\/product"}],"about":[{"href":"https:\/\/horecasupplier.nl\/index.php?rest_route=\/wp\/v2\/types\/product"}],"replies":[{"embeddable":true,"href":"https:\/\/horecasupplier.nl\/index.php?rest_route=%2Fwp%2Fv2%2Fcomments&post=2208"}],"wp:featuredmedia":[{"embeddable":true,"href":"https:\/\/horecasupplier.nl\/index.php?rest_route=\/wp\/v2\/media\/2152"}],"wp:attachment":[{"href":"https:\/\/horecasupplier.nl\/index.php?rest_route=%2Fwp%2Fv2%2Fmedia&parent=2208"}],"curies":[{"name":"wp","href":"https:\/\/api.w.org\/{rel}","templated":true}]}}