{"id":4234,"date":"2021-02-11T21:35:00","date_gmt":"2021-02-11T21:35:00","guid":{"rendered":"https:\/\/horecasupplier.nl\/?post_type=product&#038;p=4234"},"modified":"2021-02-11T21:35:00","modified_gmt":"2021-02-11T21:35:00","slug":"wusthof-classic-slijpstaaf-32cm","status":"publish","type":"product","link":"https:\/\/horecasupplier.nl\/?product=wusthof-classic-slijpstaaf-32cm","title":{"rendered":"Wusthof Classic slijpstaaf 32cm"},"content":{"rendered":"<table>\n<tbody>\n<tr class=\"\">\n<td valign=\"middle\">Lengte: 32cm. Materiaal: koolstofstaal.<\/p>\n<p>Wusthof messen worden door vele topkoks gezien als de beste ter wereld. Deze slijpstaaf is van zeer hoogwaardige kwaliteit en wordt gemaakt uit \u00e9\u00e9n stuk koolstofstaal.<\/p>\n<div class=\"col\">\n<div class=\"sect product-properties\">\n<table>\n<tbody>\n<tr class=\"propertiesRow\">\n<td class=\"propertyValue\">\n<ul class=\"propertyValueList\">\n<li>Merk: W\u00fcsthof<\/li>\n<\/ul>\n<\/td>\n<\/tr>\n<tr class=\"propertiesRow\">\n<td>\n<ul class=\"propertyValueList\">\n<li>Dimensions: 3,5(l)cm<\/li>\n<li>Materiaal: Koolstofstaal<\/li>\n<li>Rockwell hardheid: 58\u00b0<\/li>\n<li>Gewicht: 440g<\/li>\n<\/ul>\n<\/td>\n<\/tr>\n<tr class=\"propertiesRow\">\n<td>\n<ul class=\"propertyValueList\">\n<li>Ideaal voor het slijpen van bijna ieder soort mes<\/li>\n<li>Duurzaam en eenvoudig in gebruik<\/li>\n<li>Voor zeer scherpe resultaten<\/li>\n<\/ul>\n<\/td>\n<\/tr>\n<\/tbody>\n<\/table>\n<\/div>\n<\/div>\n<\/td>\n<\/tr>\n<\/tbody>\n<\/table>\n","protected":false},"excerpt":{"rendered":"<p>Lengte: 32cm. Materiaal: koolstofstaal. Wusthof messen worden door vele topkoks gezien als de beste ter wereld. Deze slijpstaaf is van zeer hoogwaardige kwaliteit en wordt gemaakt uit \u00e9\u00e9n stuk koolstofstaal. Merk: W\u00fcsthof Dimensions: 3,5(l)cm Materiaal: Koolstofstaal Rockwell hardheid: 58\u00b0 Gewicht: 440g Ideaal voor het slijpen van bijna ieder soort mes&hellip; <\/p>\n","protected":false},"featured_media":4184,"comment_status":"open","ping_status":"closed","template":"","meta":[],"_links":{"self":[{"href":"https:\/\/horecasupplier.nl\/index.php?rest_route=\/wp\/v2\/product\/4234"}],"collection":[{"href":"https:\/\/horecasupplier.nl\/index.php?rest_route=\/wp\/v2\/product"}],"about":[{"href":"https:\/\/horecasupplier.nl\/index.php?rest_route=\/wp\/v2\/types\/product"}],"replies":[{"embeddable":true,"href":"https:\/\/horecasupplier.nl\/index.php?rest_route=%2Fwp%2Fv2%2Fcomments&post=4234"}],"wp:featuredmedia":[{"embeddable":true,"href":"https:\/\/horecasupplier.nl\/index.php?rest_route=\/wp\/v2\/media\/4184"}],"wp:attachment":[{"href":"https:\/\/horecasupplier.nl\/index.php?rest_route=%2Fwp%2Fv2%2Fmedia&parent=4234"}],"curies":[{"name":"wp","href":"https:\/\/api.w.org\/{rel}","templated":true}]}}