{"id":609,"date":"2020-11-16T13:40:26","date_gmt":"2020-11-16T13:40:26","guid":{"rendered":"https:\/\/horecasupplier.nl\/?post_type=product&#038;p=609"},"modified":"2020-11-16T13:40:26","modified_gmt":"2020-11-16T13:40:26","slug":"rubbermaid-brute-deksel-voor-75l-container","status":"publish","type":"product","link":"https:\/\/horecasupplier.nl\/?product=rubbermaid-brute-deksel-voor-75l-container","title":{"rendered":"Rubbermaid Brute deksel voor 75L container"},"content":{"rendered":"<p>Materiaal: polyethyleen. Kleur: grijs. Past op 75L Brute containers.<\/p>\n<p>Deze grijze deksel van Rubbermaid past op de 121 liter Brute container. De deksel is gemaakt van lineair lagedichtheidpolyethyleen (LLDPE), is stevig, duurzaam en eenvoudig te reinigen en geschikt voor gebruik in commerci\u00eble en industri\u00eble omgevingen. Met ge\u00efntgreerde grepen om de deksel eenvoudig los en vast te maken en een antiklemrand waardoor containers op elkaar kunnen worden gestapeld. Een veelzijdige en praktische deksel die kostbare vloeroppervlakte helpt te besparen.<\/p>\n<p><img src=\"https:\/\/www.gastronoble.com\/Content\/Files\/SiteMetaDataImages\/Rubbermaid.jpg?w=80\" alt=\"Rubbermaid\" \/><\/p>\n<div class=\"col\">\n<div class=\"sect product-properties\">\n<table>\n<tbody>\n<tr class=\"propertiesRow\">\n<td class=\"propertyValue\">\n<ul class=\"propertyValueList\">\n<li>Merk: Rubbermaid<\/li>\n<\/ul>\n<\/td>\n<\/tr>\n<tr class=\"propertiesRow\">\n<td>\n<ul class=\"propertyValueList\">\n<li>Dimensions: 4,6(h) x 50,5(\u00d8)cm<\/li>\n<li>Materiaal: Polyethyleen<\/li>\n<li>Gewicht: 690g<\/li>\n<\/ul>\n<\/td>\n<\/tr>\n<tr class=\"propertiesRow\">\n<td>\n<ul class=\"propertyValueList\">\n<li>Lineair lagedichtheidpolyethyleen constructie<\/li>\n<li>Ge\u00efntegreerde grepen<\/li>\n<li>Antiklemrand<\/li>\n<\/ul>\n<\/td>\n<\/tr>\n<\/tbody>\n<\/table>\n<\/div>\n<\/div>\n","protected":false},"excerpt":{"rendered":"<p>Materiaal: polyethyleen. Kleur: grijs. Past op 75L Brute containers. Deze grijze deksel van Rubbermaid past op de 121 liter Brute container. De deksel is gemaakt van lineair lagedichtheidpolyethyleen (LLDPE), is stevig, duurzaam en eenvoudig te reinigen en geschikt voor gebruik in commerci\u00eble en industri\u00eble omgevingen. Met ge\u00efntgreerde grepen om de&hellip; <\/p>\n","protected":false},"featured_media":610,"comment_status":"open","ping_status":"closed","template":"","meta":[],"_links":{"self":[{"href":"https:\/\/horecasupplier.nl\/index.php?rest_route=\/wp\/v2\/product\/609"}],"collection":[{"href":"https:\/\/horecasupplier.nl\/index.php?rest_route=\/wp\/v2\/product"}],"about":[{"href":"https:\/\/horecasupplier.nl\/index.php?rest_route=\/wp\/v2\/types\/product"}],"replies":[{"embeddable":true,"href":"https:\/\/horecasupplier.nl\/index.php?rest_route=%2Fwp%2Fv2%2Fcomments&post=609"}],"wp:featuredmedia":[{"embeddable":true,"href":"https:\/\/horecasupplier.nl\/index.php?rest_route=\/wp\/v2\/media\/610"}],"wp:attachment":[{"href":"https:\/\/horecasupplier.nl\/index.php?rest_route=%2Fwp%2Fv2%2Fmedia&parent=609"}],"curies":[{"name":"wp","href":"https:\/\/api.w.org\/{rel}","templated":true}]}}